{"id":1307,"date":"2023-06-20T16:06:17","date_gmt":"2023-06-20T16:06:17","guid":{"rendered":"https:\/\/inboxfreedom.com\/resources\/"},"modified":"2023-09-08T08:43:36","modified_gmt":"2023-09-08T08:43:36","slug":"ressourcen","status":"publish","type":"page","link":"https:\/\/inboxfreedom.com\/de\/ressourcen\/","title":{"rendered":"Ressourcen"},"content":{"rendered":"","protected":false},"excerpt":{"rendered":"","protected":false},"author":3,"featured_media":0,"parent":0,"menu_order":0,"comment_status":"closed","ping_status":"closed","template":"","meta":{"_acf_changed":false,"inline_featured_image":false,"footnotes":"","_wp_rev_ctl_limit":""},"class_list":["post-1307","page","type-page","status-publish","hentry"],"acf":[],"yoast_head":"<!-- This site is optimized with the Yoast SEO plugin v27.4 - https:\/\/yoast.com\/product\/yoast-seo-wordpress\/ -->\n<title>Ressourcen zur psychischen Gesundheit | InboxFreedom<\/title>\n<meta name=\"description\" content=\"Entdecken Sie hier hilfreiche Ressourcen zur psychischen Gesundheit, um mit den \u00fcberw\u00e4ltigenden Gef\u00fchlen der Posteingangs\u00fcberlastung und E-Mail-Angst umzugehen. Finden Sie den hilfreichen Rat, den Sie brauchen.\" \/>\n<meta name=\"robots\" content=\"index, follow, max-snippet:-1, max-image-preview:large, max-video-preview:-1\" \/>\n<link rel=\"canonical\" href=\"https:\/\/inboxfreedom.com\/de\/ressourcen\/\" \/>\n<meta property=\"og:locale\" content=\"de_DE\" \/>\n<meta property=\"og:type\" content=\"article\" \/>\n<meta property=\"og:title\" content=\"Ressourcen zur psychischen Gesundheit | InboxFreedom\" \/>\n<meta property=\"og:description\" content=\"Entdecken Sie hier hilfreiche Ressourcen zur psychischen Gesundheit, um mit den \u00fcberw\u00e4ltigenden Gef\u00fchlen der Posteingangs\u00fcberlastung und E-Mail-Angst umzugehen. Finden Sie den hilfreichen Rat, den Sie brauchen.\" \/>\n<meta property=\"og:url\" content=\"https:\/\/inboxfreedom.com\/de\/ressourcen\/\" \/>\n<meta property=\"og:site_name\" content=\"InboxFreedom\" \/>\n<meta property=\"article:modified_time\" content=\"2023-09-08T08:43:36+00:00\" \/>\n<meta property=\"og:image\" content=\"https:\/\/inboxfreedom.com\/wp-content\/uploads\/2023\/05\/inboxfreedom-og-image.jpg\" \/>\n\t<meta property=\"og:image:width\" content=\"1200\" \/>\n\t<meta property=\"og:image:height\" content=\"675\" \/>\n\t<meta property=\"og:image:type\" content=\"image\/jpeg\" \/>\n<meta name=\"twitter:card\" content=\"summary_large_image\" \/>\n<script type=\"application\/ld+json\" class=\"yoast-schema-graph\">{\"@context\":\"https:\\\/\\\/schema.org\",\"@graph\":[{\"@type\":\"WebPage\",\"@id\":\"https:\\\/\\\/inboxfreedom.com\\\/de\\\/ressourcen\\\/\",\"url\":\"https:\\\/\\\/inboxfreedom.com\\\/de\\\/ressourcen\\\/\",\"name\":\"Ressourcen zur psychischen Gesundheit | InboxFreedom\",\"isPartOf\":{\"@id\":\"https:\\\/\\\/inboxfreedom.com\\\/de\\\/#website\"},\"datePublished\":\"2023-06-20T16:06:17+00:00\",\"dateModified\":\"2023-09-08T08:43:36+00:00\",\"description\":\"Entdecken Sie hier hilfreiche Ressourcen zur psychischen Gesundheit, um mit den \u00fcberw\u00e4ltigenden Gef\u00fchlen der Posteingangs\u00fcberlastung und E-Mail-Angst umzugehen. Finden Sie den hilfreichen Rat, den Sie brauchen.\",\"breadcrumb\":{\"@id\":\"https:\\\/\\\/inboxfreedom.com\\\/de\\\/ressourcen\\\/#breadcrumb\"},\"inLanguage\":\"de-DE\",\"potentialAction\":[{\"@type\":\"ReadAction\",\"target\":[\"https:\\\/\\\/inboxfreedom.com\\\/de\\\/ressourcen\\\/\"]}]},{\"@type\":\"BreadcrumbList\",\"@id\":\"https:\\\/\\\/inboxfreedom.com\\\/de\\\/ressourcen\\\/#breadcrumb\",\"itemListElement\":[{\"@type\":\"ListItem\",\"position\":1,\"name\":\"Home\",\"item\":\"https:\\\/\\\/inboxfreedom.com\\\/de\\\/\"},{\"@type\":\"ListItem\",\"position\":2,\"name\":\"Ressourcen\"}]},{\"@type\":\"WebSite\",\"@id\":\"https:\\\/\\\/inboxfreedom.com\\\/de\\\/#website\",\"url\":\"https:\\\/\\\/inboxfreedom.com\\\/de\\\/\",\"name\":\"InboxFreedom\",\"description\":\"Remove Distractions From Your Digital Life\",\"publisher\":{\"@id\":\"https:\\\/\\\/inboxfreedom.com\\\/de\\\/#organization\"},\"potentialAction\":[{\"@type\":\"SearchAction\",\"target\":{\"@type\":\"EntryPoint\",\"urlTemplate\":\"https:\\\/\\\/inboxfreedom.com\\\/de\\\/?s={search_term_string}\"},\"query-input\":{\"@type\":\"PropertyValueSpecification\",\"valueRequired\":true,\"valueName\":\"search_term_string\"}}],\"inLanguage\":\"de-DE\"},{\"@type\":\"Organization\",\"@id\":\"https:\\\/\\\/inboxfreedom.com\\\/de\\\/#organization\",\"name\":\"InboxFreedom\",\"url\":\"https:\\\/\\\/inboxfreedom.com\\\/de\\\/\",\"logo\":{\"@type\":\"ImageObject\",\"inLanguage\":\"de-DE\",\"@id\":\"https:\\\/\\\/inboxfreedom.com\\\/de\\\/#\\\/schema\\\/logo\\\/image\\\/\",\"url\":\"https:\\\/\\\/inboxfreedom.com\\\/wp-content\\\/uploads\\\/2023\\\/09\\\/inboxfreedom-org-logo.jpg\",\"contentUrl\":\"https:\\\/\\\/inboxfreedom.com\\\/wp-content\\\/uploads\\\/2023\\\/09\\\/inboxfreedom-org-logo.jpg\",\"width\":696,\"height\":696,\"caption\":\"InboxFreedom\"},\"image\":{\"@id\":\"https:\\\/\\\/inboxfreedom.com\\\/de\\\/#\\\/schema\\\/logo\\\/image\\\/\"}}]}<\/script>\n<!-- \/ Yoast SEO plugin. -->","yoast_head_json":{"title":"Ressourcen zur psychischen Gesundheit | InboxFreedom","description":"Entdecken Sie hier hilfreiche Ressourcen zur psychischen Gesundheit, um mit den \u00fcberw\u00e4ltigenden Gef\u00fchlen der Posteingangs\u00fcberlastung und E-Mail-Angst umzugehen. Finden Sie den hilfreichen Rat, den Sie brauchen.","robots":{"index":"index","follow":"follow","max-snippet":"max-snippet:-1","max-image-preview":"max-image-preview:large","max-video-preview":"max-video-preview:-1"},"canonical":"https:\/\/inboxfreedom.com\/de\/ressourcen\/","og_locale":"de_DE","og_type":"article","og_title":"Ressourcen zur psychischen Gesundheit | InboxFreedom","og_description":"Entdecken Sie hier hilfreiche Ressourcen zur psychischen Gesundheit, um mit den \u00fcberw\u00e4ltigenden Gef\u00fchlen der Posteingangs\u00fcberlastung und E-Mail-Angst umzugehen. Finden Sie den hilfreichen Rat, den Sie brauchen.","og_url":"https:\/\/inboxfreedom.com\/de\/ressourcen\/","og_site_name":"InboxFreedom","article_modified_time":"2023-09-08T08:43:36+00:00","og_image":[{"width":1200,"height":675,"url":"https:\/\/inboxfreedom.com\/wp-content\/uploads\/2023\/05\/inboxfreedom-og-image.jpg","type":"image\/jpeg"}],"twitter_card":"summary_large_image","schema":{"@context":"https:\/\/schema.org","@graph":[{"@type":"WebPage","@id":"https:\/\/inboxfreedom.com\/de\/ressourcen\/","url":"https:\/\/inboxfreedom.com\/de\/ressourcen\/","name":"Ressourcen zur psychischen Gesundheit | InboxFreedom","isPartOf":{"@id":"https:\/\/inboxfreedom.com\/de\/#website"},"datePublished":"2023-06-20T16:06:17+00:00","dateModified":"2023-09-08T08:43:36+00:00","description":"Entdecken Sie hier hilfreiche Ressourcen zur psychischen Gesundheit, um mit den \u00fcberw\u00e4ltigenden Gef\u00fchlen der Posteingangs\u00fcberlastung und E-Mail-Angst umzugehen. Finden Sie den hilfreichen Rat, den Sie brauchen.","breadcrumb":{"@id":"https:\/\/inboxfreedom.com\/de\/ressourcen\/#breadcrumb"},"inLanguage":"de-DE","potentialAction":[{"@type":"ReadAction","target":["https:\/\/inboxfreedom.com\/de\/ressourcen\/"]}]},{"@type":"BreadcrumbList","@id":"https:\/\/inboxfreedom.com\/de\/ressourcen\/#breadcrumb","itemListElement":[{"@type":"ListItem","position":1,"name":"Home","item":"https:\/\/inboxfreedom.com\/de\/"},{"@type":"ListItem","position":2,"name":"Ressourcen"}]},{"@type":"WebSite","@id":"https:\/\/inboxfreedom.com\/de\/#website","url":"https:\/\/inboxfreedom.com\/de\/","name":"InboxFreedom","description":"Remove Distractions From Your Digital Life","publisher":{"@id":"https:\/\/inboxfreedom.com\/de\/#organization"},"potentialAction":[{"@type":"SearchAction","target":{"@type":"EntryPoint","urlTemplate":"https:\/\/inboxfreedom.com\/de\/?s={search_term_string}"},"query-input":{"@type":"PropertyValueSpecification","valueRequired":true,"valueName":"search_term_string"}}],"inLanguage":"de-DE"},{"@type":"Organization","@id":"https:\/\/inboxfreedom.com\/de\/#organization","name":"InboxFreedom","url":"https:\/\/inboxfreedom.com\/de\/","logo":{"@type":"ImageObject","inLanguage":"de-DE","@id":"https:\/\/inboxfreedom.com\/de\/#\/schema\/logo\/image\/","url":"https:\/\/inboxfreedom.com\/wp-content\/uploads\/2023\/09\/inboxfreedom-org-logo.jpg","contentUrl":"https:\/\/inboxfreedom.com\/wp-content\/uploads\/2023\/09\/inboxfreedom-org-logo.jpg","width":696,"height":696,"caption":"InboxFreedom"},"image":{"@id":"https:\/\/inboxfreedom.com\/de\/#\/schema\/logo\/image\/"}}]}},"_links":{"self":[{"href":"https:\/\/inboxfreedom.com\/de\/wp-json\/wp\/v2\/pages\/1307","targetHints":{"allow":["GET"]}}],"collection":[{"href":"https:\/\/inboxfreedom.com\/de\/wp-json\/wp\/v2\/pages"}],"about":[{"href":"https:\/\/inboxfreedom.com\/de\/wp-json\/wp\/v2\/types\/page"}],"author":[{"embeddable":true,"href":"https:\/\/inboxfreedom.com\/de\/wp-json\/wp\/v2\/users\/3"}],"replies":[{"embeddable":true,"href":"https:\/\/inboxfreedom.com\/de\/wp-json\/wp\/v2\/comments?post=1307"}],"version-history":[{"count":0,"href":"https:\/\/inboxfreedom.com\/de\/wp-json\/wp\/v2\/pages\/1307\/revisions"}],"wp:attachment":[{"href":"https:\/\/inboxfreedom.com\/de\/wp-json\/wp\/v2\/media?parent=1307"}],"curies":[{"name":"wp","href":"https:\/\/api.w.org\/{rel}","templated":true}]}}