{"id":1314,"date":"2023-06-22T08:18:01","date_gmt":"2023-06-22T08:18:01","guid":{"rendered":"https:\/\/inboxfreedom.com\/pricing\/"},"modified":"2023-09-18T18:25:44","modified_gmt":"2023-09-18T18:25:44","slug":"preisplaene","status":"publish","type":"page","link":"https:\/\/inboxfreedom.com\/de\/preisplaene\/","title":{"rendered":"Preispl\u00e4ne"},"content":{"rendered":"","protected":false},"excerpt":{"rendered":"","protected":false},"author":3,"featured_media":0,"parent":0,"menu_order":0,"comment_status":"closed","ping_status":"closed","template":"","meta":{"_acf_changed":false,"inline_featured_image":false,"footnotes":"","_wp_rev_ctl_limit":""},"class_list":["post-1314","page","type-page","status-publish","hentry"],"acf":[],"yoast_head":"<!-- This site is optimized with the Yoast SEO plugin v27.3 - https:\/\/yoast.com\/product\/yoast-seo-wordpress\/ -->\n<title>KI-E-Mail-Posteingangsverwaltung | Preispl\u00e4ne | InboxFreedom<\/title>\n<meta name=\"description\" content=\"Entdecken Sie die ultimative E-Mail-Verwaltungsl\u00f6sung f\u00fcr Ihre individuellen Anforderungen. W\u00e4hlen Sie zwischen Basis-, Standard- und Teampl\u00e4nen und genie\u00dfen Sie noch heute ein nahtloses Posteingangserlebnis.\" \/>\n<meta name=\"robots\" content=\"index, follow, max-snippet:-1, max-image-preview:large, max-video-preview:-1\" \/>\n<link rel=\"canonical\" href=\"https:\/\/inboxfreedom.com\/de\/preisplaene\/\" \/>\n<meta property=\"og:locale\" content=\"de_DE\" \/>\n<meta property=\"og:type\" content=\"article\" \/>\n<meta property=\"og:title\" content=\"KI-E-Mail-Posteingangsverwaltung | Preispl\u00e4ne | InboxFreedom\" \/>\n<meta property=\"og:description\" content=\"Entdecken Sie die ultimative E-Mail-Verwaltungsl\u00f6sung f\u00fcr Ihre individuellen Anforderungen. W\u00e4hlen Sie zwischen Basis-, Standard- und Teampl\u00e4nen und genie\u00dfen Sie noch heute ein nahtloses Posteingangserlebnis.\" \/>\n<meta property=\"og:url\" content=\"https:\/\/inboxfreedom.com\/de\/preisplaene\/\" \/>\n<meta property=\"og:site_name\" content=\"InboxFreedom\" \/>\n<meta property=\"article:modified_time\" content=\"2023-09-18T18:25:44+00:00\" \/>\n<meta property=\"og:image\" content=\"https:\/\/inboxfreedom.com\/wp-content\/uploads\/2023\/05\/inboxfreedom-og-image.jpg\" \/>\n\t<meta property=\"og:image:width\" content=\"1200\" \/>\n\t<meta property=\"og:image:height\" content=\"675\" \/>\n\t<meta property=\"og:image:type\" content=\"image\/jpeg\" \/>\n<meta name=\"twitter:card\" content=\"summary_large_image\" \/>\n<script type=\"application\/ld+json\" class=\"yoast-schema-graph\">{\"@context\":\"https:\\\/\\\/schema.org\",\"@graph\":[{\"@type\":\"WebPage\",\"@id\":\"https:\\\/\\\/inboxfreedom.com\\\/de\\\/preisplaene\\\/\",\"url\":\"https:\\\/\\\/inboxfreedom.com\\\/de\\\/preisplaene\\\/\",\"name\":\"KI-E-Mail-Posteingangsverwaltung | Preispl\u00e4ne | InboxFreedom\",\"isPartOf\":{\"@id\":\"https:\\\/\\\/inboxfreedom.com\\\/de\\\/#website\"},\"datePublished\":\"2023-06-22T08:18:01+00:00\",\"dateModified\":\"2023-09-18T18:25:44+00:00\",\"description\":\"Entdecken Sie die ultimative E-Mail-Verwaltungsl\u00f6sung f\u00fcr Ihre individuellen Anforderungen. W\u00e4hlen Sie zwischen Basis-, Standard- und Teampl\u00e4nen und genie\u00dfen Sie noch heute ein nahtloses Posteingangserlebnis.\",\"breadcrumb\":{\"@id\":\"https:\\\/\\\/inboxfreedom.com\\\/de\\\/preisplaene\\\/#breadcrumb\"},\"inLanguage\":\"de-DE\",\"potentialAction\":[{\"@type\":\"ReadAction\",\"target\":[\"https:\\\/\\\/inboxfreedom.com\\\/de\\\/preisplaene\\\/\"]}]},{\"@type\":\"BreadcrumbList\",\"@id\":\"https:\\\/\\\/inboxfreedom.com\\\/de\\\/preisplaene\\\/#breadcrumb\",\"itemListElement\":[{\"@type\":\"ListItem\",\"position\":1,\"name\":\"Home\",\"item\":\"https:\\\/\\\/inboxfreedom.com\\\/de\\\/\"},{\"@type\":\"ListItem\",\"position\":2,\"name\":\"Preispl\u00e4ne\"}]},{\"@type\":\"WebSite\",\"@id\":\"https:\\\/\\\/inboxfreedom.com\\\/de\\\/#website\",\"url\":\"https:\\\/\\\/inboxfreedom.com\\\/de\\\/\",\"name\":\"InboxFreedom\",\"description\":\"Remove Distractions From Your Digital Life\",\"publisher\":{\"@id\":\"https:\\\/\\\/inboxfreedom.com\\\/de\\\/#organization\"},\"potentialAction\":[{\"@type\":\"SearchAction\",\"target\":{\"@type\":\"EntryPoint\",\"urlTemplate\":\"https:\\\/\\\/inboxfreedom.com\\\/de\\\/?s={search_term_string}\"},\"query-input\":{\"@type\":\"PropertyValueSpecification\",\"valueRequired\":true,\"valueName\":\"search_term_string\"}}],\"inLanguage\":\"de-DE\"},{\"@type\":\"Organization\",\"@id\":\"https:\\\/\\\/inboxfreedom.com\\\/de\\\/#organization\",\"name\":\"InboxFreedom\",\"url\":\"https:\\\/\\\/inboxfreedom.com\\\/de\\\/\",\"logo\":{\"@type\":\"ImageObject\",\"inLanguage\":\"de-DE\",\"@id\":\"https:\\\/\\\/inboxfreedom.com\\\/de\\\/#\\\/schema\\\/logo\\\/image\\\/\",\"url\":\"https:\\\/\\\/inboxfreedom.com\\\/wp-content\\\/uploads\\\/2023\\\/09\\\/inboxfreedom-org-logo.jpg\",\"contentUrl\":\"https:\\\/\\\/inboxfreedom.com\\\/wp-content\\\/uploads\\\/2023\\\/09\\\/inboxfreedom-org-logo.jpg\",\"width\":696,\"height\":696,\"caption\":\"InboxFreedom\"},\"image\":{\"@id\":\"https:\\\/\\\/inboxfreedom.com\\\/de\\\/#\\\/schema\\\/logo\\\/image\\\/\"}}]}<\/script>\n<!-- \/ Yoast SEO plugin. -->","yoast_head_json":{"title":"KI-E-Mail-Posteingangsverwaltung | Preispl\u00e4ne | InboxFreedom","description":"Entdecken Sie die ultimative E-Mail-Verwaltungsl\u00f6sung f\u00fcr Ihre individuellen Anforderungen. W\u00e4hlen Sie zwischen Basis-, Standard- und Teampl\u00e4nen und genie\u00dfen Sie noch heute ein nahtloses Posteingangserlebnis.","robots":{"index":"index","follow":"follow","max-snippet":"max-snippet:-1","max-image-preview":"max-image-preview:large","max-video-preview":"max-video-preview:-1"},"canonical":"https:\/\/inboxfreedom.com\/de\/preisplaene\/","og_locale":"de_DE","og_type":"article","og_title":"KI-E-Mail-Posteingangsverwaltung | Preispl\u00e4ne | InboxFreedom","og_description":"Entdecken Sie die ultimative E-Mail-Verwaltungsl\u00f6sung f\u00fcr Ihre individuellen Anforderungen. W\u00e4hlen Sie zwischen Basis-, Standard- und Teampl\u00e4nen und genie\u00dfen Sie noch heute ein nahtloses Posteingangserlebnis.","og_url":"https:\/\/inboxfreedom.com\/de\/preisplaene\/","og_site_name":"InboxFreedom","article_modified_time":"2023-09-18T18:25:44+00:00","og_image":[{"width":1200,"height":675,"url":"https:\/\/inboxfreedom.com\/wp-content\/uploads\/2023\/05\/inboxfreedom-og-image.jpg","type":"image\/jpeg"}],"twitter_card":"summary_large_image","schema":{"@context":"https:\/\/schema.org","@graph":[{"@type":"WebPage","@id":"https:\/\/inboxfreedom.com\/de\/preisplaene\/","url":"https:\/\/inboxfreedom.com\/de\/preisplaene\/","name":"KI-E-Mail-Posteingangsverwaltung | Preispl\u00e4ne | InboxFreedom","isPartOf":{"@id":"https:\/\/inboxfreedom.com\/de\/#website"},"datePublished":"2023-06-22T08:18:01+00:00","dateModified":"2023-09-18T18:25:44+00:00","description":"Entdecken Sie die ultimative E-Mail-Verwaltungsl\u00f6sung f\u00fcr Ihre individuellen Anforderungen. W\u00e4hlen Sie zwischen Basis-, Standard- und Teampl\u00e4nen und genie\u00dfen Sie noch heute ein nahtloses Posteingangserlebnis.","breadcrumb":{"@id":"https:\/\/inboxfreedom.com\/de\/preisplaene\/#breadcrumb"},"inLanguage":"de-DE","potentialAction":[{"@type":"ReadAction","target":["https:\/\/inboxfreedom.com\/de\/preisplaene\/"]}]},{"@type":"BreadcrumbList","@id":"https:\/\/inboxfreedom.com\/de\/preisplaene\/#breadcrumb","itemListElement":[{"@type":"ListItem","position":1,"name":"Home","item":"https:\/\/inboxfreedom.com\/de\/"},{"@type":"ListItem","position":2,"name":"Preispl\u00e4ne"}]},{"@type":"WebSite","@id":"https:\/\/inboxfreedom.com\/de\/#website","url":"https:\/\/inboxfreedom.com\/de\/","name":"InboxFreedom","description":"Remove Distractions From Your Digital Life","publisher":{"@id":"https:\/\/inboxfreedom.com\/de\/#organization"},"potentialAction":[{"@type":"SearchAction","target":{"@type":"EntryPoint","urlTemplate":"https:\/\/inboxfreedom.com\/de\/?s={search_term_string}"},"query-input":{"@type":"PropertyValueSpecification","valueRequired":true,"valueName":"search_term_string"}}],"inLanguage":"de-DE"},{"@type":"Organization","@id":"https:\/\/inboxfreedom.com\/de\/#organization","name":"InboxFreedom","url":"https:\/\/inboxfreedom.com\/de\/","logo":{"@type":"ImageObject","inLanguage":"de-DE","@id":"https:\/\/inboxfreedom.com\/de\/#\/schema\/logo\/image\/","url":"https:\/\/inboxfreedom.com\/wp-content\/uploads\/2023\/09\/inboxfreedom-org-logo.jpg","contentUrl":"https:\/\/inboxfreedom.com\/wp-content\/uploads\/2023\/09\/inboxfreedom-org-logo.jpg","width":696,"height":696,"caption":"InboxFreedom"},"image":{"@id":"https:\/\/inboxfreedom.com\/de\/#\/schema\/logo\/image\/"}}]}},"_links":{"self":[{"href":"https:\/\/inboxfreedom.com\/de\/wp-json\/wp\/v2\/pages\/1314","targetHints":{"allow":["GET"]}}],"collection":[{"href":"https:\/\/inboxfreedom.com\/de\/wp-json\/wp\/v2\/pages"}],"about":[{"href":"https:\/\/inboxfreedom.com\/de\/wp-json\/wp\/v2\/types\/page"}],"author":[{"embeddable":true,"href":"https:\/\/inboxfreedom.com\/de\/wp-json\/wp\/v2\/users\/3"}],"replies":[{"embeddable":true,"href":"https:\/\/inboxfreedom.com\/de\/wp-json\/wp\/v2\/comments?post=1314"}],"version-history":[{"count":0,"href":"https:\/\/inboxfreedom.com\/de\/wp-json\/wp\/v2\/pages\/1314\/revisions"}],"wp:attachment":[{"href":"https:\/\/inboxfreedom.com\/de\/wp-json\/wp\/v2\/media?parent=1314"}],"curies":[{"name":"wp","href":"https:\/\/api.w.org\/{rel}","templated":true}]}}